{"id":5705,"date":"2021-01-30T18:16:00","date_gmt":"2021-01-30T16:16:00","guid":{"rendered":"https:\/\/www.horenso.fr\/?page_id=5705"},"modified":"2022-12-15T23:49:05","modified_gmt":"2022-12-15T21:49:05","slug":"retex-type","status":"publish","type":"page","link":"https:\/\/www.horenso.fr\/index.php\/conseil-excellence-operationnelle-lean\/retours-experience-excellence-operationnelle\/retex-type\/","title":{"rendered":"Retex type"},"content":{"rendered":"\t\t<div data-elementor-type=\"wp-page\" data-elementor-id=\"5705\" class=\"elementor elementor-5705\">\n\t\t\t\t\t\t<section class=\"elementor-section elementor-top-section elementor-element elementor-element-bfb31c0 elementor-section-boxed elementor-section-height-default elementor-section-height-default\" data-id=\"bfb31c0\" data-element_type=\"section\">\n\t\t\t\t\t\t<div class=\"elementor-container elementor-column-gap-default\">\n\t\t\t\t\t<div class=\"elementor-column elementor-col-100 elementor-top-column elementor-element elementor-element-5c22781\" data-id=\"5c22781\" data-element_type=\"column\">\n\t\t\t<div class=\"elementor-widget-wrap elementor-element-populated\">\n\t\t\t\t\t\t<div class=\"elementor-element elementor-element-5818ff7 elementor-widget elementor-widget-image\" data-id=\"5818ff7\" data-element_type=\"widget\" data-widget_type=\"image.default\">\n\t\t\t\t<div class=\"elementor-widget-container\">\n\t\t\t\t\t\t\t\t\t\t\t\t\t<img fetchpriority=\"high\" decoding=\"async\" width=\"452\" height=\"390\" src=\"https:\/\/www.horenso.fr\/wp-content\/uploads\/2021\/02\/PAGE-EN-CONSTRUCTION.jpg\" class=\"attachment-large size-large wp-image-6284\" alt=\"\" srcset=\"https:\/\/www.horenso.fr\/wp-content\/uploads\/2021\/02\/PAGE-EN-CONSTRUCTION.jpg 452w, https:\/\/www.horenso.fr\/wp-content\/uploads\/2021\/02\/PAGE-EN-CONSTRUCTION-300x259.jpg 300w\" sizes=\"(max-width: 452px) 100vw, 452px\" \/>\t\t\t\t\t\t\t\t\t\t\t\t\t<\/div>\n\t\t\t\t<\/div>\n\t\t\t\t\t<\/div>\n\t\t<\/div>\n\t\t\t\t\t<\/div>\n\t\t<\/section>\n\t\t\t\t<section class=\"elementor-section elementor-top-section elementor-element elementor-element-bf92e19 elementor-section-stretched elementor-section-boxed elementor-section-height-default elementor-section-height-default\" data-id=\"bf92e19\" data-element_type=\"section\" data-settings=\"{&quot;background_background&quot;:&quot;classic&quot;,&quot;stretch_section&quot;:&quot;section-stretched&quot;}\">\n\t\t\t\t\t\t<div class=\"elementor-container elementor-column-gap-default\">\n\t\t\t\t\t<div class=\"elementor-column elementor-col-33 elementor-top-column elementor-element elementor-element-5423055\" data-id=\"5423055\" data-element_type=\"column\">\n\t\t\t<div class=\"elementor-widget-wrap elementor-element-populated\">\n\t\t\t\t\t\t<div class=\"elementor-element elementor-element-23dd2d9 elementor-widget elementor-widget-text-editor\" data-id=\"23dd2d9\" data-element_type=\"widget\" data-widget_type=\"text-editor.default\">\n\t\t\t\t<div class=\"elementor-widget-container\">\n\t\t\t\t\t\t\t<p>56 rue de Landegrand<\/p><p>33290 PAREMPUYRE<\/p>\t\t\t\t\t\t<\/div>\n\t\t\t\t<\/div>\n\t\t\t\t\t<\/div>\n\t\t<\/div>\n\t\t\t\t<div class=\"elementor-column elementor-col-33 elementor-top-column elementor-element elementor-element-23324ea\" data-id=\"23324ea\" data-element_type=\"column\">\n\t\t\t<div class=\"elementor-widget-wrap elementor-element-populated\">\n\t\t\t\t\t\t<div class=\"elementor-element elementor-element-0a795a1 elementor-widget elementor-widget-text-editor\" data-id=\"0a795a1\" data-element_type=\"widget\" data-widget_type=\"text-editor.default\">\n\t\t\t\t<div class=\"elementor-widget-container\">\n\t\t\t\t\t\t\t<p><span style=\"color: #ffffff;\"><a style=\"color: #ffffff;\" href=\"tel:+33626046326\">06 26 04 63 26<\/a><\/span><\/p>\n<p><span style=\"color: #ffffff;\"><a style=\"color: #ffffff;\" href=\"mailto:contact@horenso.fr\">contact@horenso.fr<\/a><\/span><\/p>\t\t\t\t\t\t<\/div>\n\t\t\t\t<\/div>\n\t\t\t\t\t<\/div>\n\t\t<\/div>\n\t\t\t\t<div class=\"elementor-column elementor-col-33 elementor-top-column elementor-element elementor-element-90d9897\" data-id=\"90d9897\" data-element_type=\"column\">\n\t\t\t<div class=\"elementor-widget-wrap elementor-element-populated\">\n\t\t\t\t\t\t<div class=\"elementor-element elementor-element-57641b9 elementor-shape-rounded elementor-grid-0 e-grid-align-center elementor-widget elementor-widget-social-icons\" data-id=\"57641b9\" data-element_type=\"widget\" data-widget_type=\"social-icons.default\">\n\t\t\t\t<div class=\"elementor-widget-container\">\n\t\t\t\t\t<div class=\"elementor-social-icons-wrapper elementor-grid\">\n\t\t\t\t\t\t\t<span class=\"elementor-grid-item\">\n\t\t\t\t\t<a class=\"elementor-icon elementor-social-icon elementor-social-icon-linkedin elementor-repeater-item-af004e7\" href=\"https:\/\/www.linkedin.com\/company\/horenso\/\" target=\"_blank\">\n\t\t\t\t\t\t<span class=\"elementor-screen-only\">Linkedin<\/span>\n\t\t\t\t\t\t<i class=\"fab fa-linkedin\"><\/i>\t\t\t\t\t<\/a>\n\t\t\t\t<\/span>\n\t\t\t\t\t<\/div>\n\t\t\t\t<\/div>\n\t\t\t\t<\/div>\n\t\t\t\t\t<\/div>\n\t\t<\/div>\n\t\t\t\t\t<\/div>\n\t\t<\/section>\n\t\t\t\t<\/div>\n\t\t","protected":false},"excerpt":{"rendered":"<p>56 rue de Landegrand 33290 PAREMPUYRE 06 26 04 63 26 contact@horenso.fr Linkedin<\/p>\n","protected":false},"author":1,"featured_media":0,"parent":4599,"menu_order":0,"comment_status":"closed","ping_status":"closed","template":"","meta":[],"yoast_head":"<!-- This site is optimized with the Yoast SEO plugin v21.1 - https:\/\/yoast.com\/wordpress\/plugins\/seo\/ -->\n<title>Retex type - H\u014drens\u014d<\/title>\n<meta name=\"robots\" content=\"index, follow, max-snippet:-1, max-image-preview:large, max-video-preview:-1\" \/>\n<link rel=\"canonical\" href=\"https:\/\/www.horenso.fr\/index.php\/conseil-excellence-operationnelle-lean\/retours-experience-excellence-operationnelle\/retex-type\/\" \/>\n<meta property=\"og:locale\" content=\"fr_FR\" \/>\n<meta property=\"og:type\" content=\"article\" \/>\n<meta property=\"og:title\" content=\"Retex type - H\u014drens\u014d\" \/>\n<meta property=\"og:description\" content=\"56 rue de Landegrand 33290 PAREMPUYRE 06 26 04 63 26 contact@horenso.fr Linkedin\" \/>\n<meta property=\"og:url\" content=\"https:\/\/www.horenso.fr\/index.php\/conseil-excellence-operationnelle-lean\/retours-experience-excellence-operationnelle\/retex-type\/\" \/>\n<meta property=\"og:site_name\" content=\"H\u014drens\u014d\" \/>\n<meta property=\"article:publisher\" content=\"https:\/\/www.facebook.com\/H%c5%8drens%c5%8d-105716934757860\" \/>\n<meta property=\"article:modified_time\" content=\"2022-12-15T21:49:05+00:00\" \/>\n<meta property=\"og:image\" content=\"https:\/\/www.horenso.fr\/wp-content\/uploads\/2021\/02\/PAGE-EN-CONSTRUCTION.jpg\" \/>\n<meta name=\"twitter:card\" content=\"summary_large_image\" \/>\n<meta name=\"twitter:label1\" content=\"Dur\u00e9e de lecture estim\u00e9e\" \/>\n\t<meta name=\"twitter:data1\" content=\"1 minute\" \/>\n<script type=\"application\/ld+json\" class=\"yoast-schema-graph\">{\"@context\":\"https:\/\/schema.org\",\"@graph\":[{\"@type\":\"WebPage\",\"@id\":\"https:\/\/www.horenso.fr\/index.php\/conseil-excellence-operationnelle-lean\/retours-experience-excellence-operationnelle\/retex-type\/\",\"url\":\"https:\/\/www.horenso.fr\/index.php\/conseil-excellence-operationnelle-lean\/retours-experience-excellence-operationnelle\/retex-type\/\",\"name\":\"Retex type - H\u014drens\u014d\",\"isPartOf\":{\"@id\":\"https:\/\/www.horenso.fr\/#website\"},\"datePublished\":\"2021-01-30T16:16:00+00:00\",\"dateModified\":\"2022-12-15T21:49:05+00:00\",\"breadcrumb\":{\"@id\":\"https:\/\/www.horenso.fr\/index.php\/conseil-excellence-operationnelle-lean\/retours-experience-excellence-operationnelle\/retex-type\/#breadcrumb\"},\"inLanguage\":\"fr-FR\",\"potentialAction\":[{\"@type\":\"ReadAction\",\"target\":[\"https:\/\/www.horenso.fr\/index.php\/conseil-excellence-operationnelle-lean\/retours-experience-excellence-operationnelle\/retex-type\/\"]}]},{\"@type\":\"BreadcrumbList\",\"@id\":\"https:\/\/www.horenso.fr\/index.php\/conseil-excellence-operationnelle-lean\/retours-experience-excellence-operationnelle\/retex-type\/#breadcrumb\",\"itemListElement\":[{\"@type\":\"ListItem\",\"position\":1,\"name\":\"Accueil\",\"item\":\"https:\/\/www.horenso.fr\/\"},{\"@type\":\"ListItem\",\"position\":2,\"name\":\"Conseil\",\"item\":\"https:\/\/www.horenso.fr\/index.php\/conseil-excellence-operationnelle-lean\/\"},{\"@type\":\"ListItem\",\"position\":3,\"name\":\"Retours Exp\u00e9rience Excellence Op\u00e9rationnelle\",\"item\":\"https:\/\/www.horenso.fr\/index.php\/conseil-excellence-operationnelle-lean\/retours-experience-excellence-operationnelle\/\"},{\"@type\":\"ListItem\",\"position\":4,\"name\":\"Retex type\"}]},{\"@type\":\"WebSite\",\"@id\":\"https:\/\/www.horenso.fr\/#website\",\"url\":\"https:\/\/www.horenso.fr\/\",\"name\":\"H\u014drens\u014d\",\"description\":\"Performance Op\u00e9rationnelle &amp; Productivit\u00e9 Financi\u00e8re\",\"publisher\":{\"@id\":\"https:\/\/www.horenso.fr\/#organization\"},\"potentialAction\":[{\"@type\":\"SearchAction\",\"target\":{\"@type\":\"EntryPoint\",\"urlTemplate\":\"https:\/\/www.horenso.fr\/?s={search_term_string}\"},\"query-input\":\"required name=search_term_string\"}],\"inLanguage\":\"fr-FR\"},{\"@type\":\"Organization\",\"@id\":\"https:\/\/www.horenso.fr\/#organization\",\"name\":\"Horenso\",\"url\":\"https:\/\/www.horenso.fr\/\",\"logo\":{\"@type\":\"ImageObject\",\"inLanguage\":\"fr-FR\",\"@id\":\"https:\/\/www.horenso.fr\/#\/schema\/logo\/image\/\",\"url\":\"https:\/\/www.horenso.fr\/wp-content\/uploads\/2020\/08\/Logo-Horenso-H.png\",\"contentUrl\":\"https:\/\/www.horenso.fr\/wp-content\/uploads\/2020\/08\/Logo-Horenso-H.png\",\"width\":2560,\"height\":458,\"caption\":\"Horenso\"},\"image\":{\"@id\":\"https:\/\/www.horenso.fr\/#\/schema\/logo\/image\/\"},\"sameAs\":[\"https:\/\/www.facebook.com\/H\u014drens\u014d-105716934757860\",\"https:\/\/www.linkedin.com\/company\/horenso\/\",\"https:\/\/www.youtube.com\/channel\/UC0PjdWUgLLpi9mcYLwRqNQQ\"]}]}<\/script>\n<!-- \/ Yoast SEO plugin. -->","yoast_head_json":{"title":"Retex type - H\u014drens\u014d","robots":{"index":"index","follow":"follow","max-snippet":"max-snippet:-1","max-image-preview":"max-image-preview:large","max-video-preview":"max-video-preview:-1"},"canonical":"https:\/\/www.horenso.fr\/index.php\/conseil-excellence-operationnelle-lean\/retours-experience-excellence-operationnelle\/retex-type\/","og_locale":"fr_FR","og_type":"article","og_title":"Retex type - H\u014drens\u014d","og_description":"56 rue de Landegrand 33290 PAREMPUYRE 06 26 04 63 26 contact@horenso.fr Linkedin","og_url":"https:\/\/www.horenso.fr\/index.php\/conseil-excellence-operationnelle-lean\/retours-experience-excellence-operationnelle\/retex-type\/","og_site_name":"H\u014drens\u014d","article_publisher":"https:\/\/www.facebook.com\/H%c5%8drens%c5%8d-105716934757860","article_modified_time":"2022-12-15T21:49:05+00:00","og_image":[{"url":"https:\/\/www.horenso.fr\/wp-content\/uploads\/2021\/02\/PAGE-EN-CONSTRUCTION.jpg"}],"twitter_card":"summary_large_image","twitter_misc":{"Dur\u00e9e de lecture estim\u00e9e":"1 minute"},"schema":{"@context":"https:\/\/schema.org","@graph":[{"@type":"WebPage","@id":"https:\/\/www.horenso.fr\/index.php\/conseil-excellence-operationnelle-lean\/retours-experience-excellence-operationnelle\/retex-type\/","url":"https:\/\/www.horenso.fr\/index.php\/conseil-excellence-operationnelle-lean\/retours-experience-excellence-operationnelle\/retex-type\/","name":"Retex type - H\u014drens\u014d","isPartOf":{"@id":"https:\/\/www.horenso.fr\/#website"},"datePublished":"2021-01-30T16:16:00+00:00","dateModified":"2022-12-15T21:49:05+00:00","breadcrumb":{"@id":"https:\/\/www.horenso.fr\/index.php\/conseil-excellence-operationnelle-lean\/retours-experience-excellence-operationnelle\/retex-type\/#breadcrumb"},"inLanguage":"fr-FR","potentialAction":[{"@type":"ReadAction","target":["https:\/\/www.horenso.fr\/index.php\/conseil-excellence-operationnelle-lean\/retours-experience-excellence-operationnelle\/retex-type\/"]}]},{"@type":"BreadcrumbList","@id":"https:\/\/www.horenso.fr\/index.php\/conseil-excellence-operationnelle-lean\/retours-experience-excellence-operationnelle\/retex-type\/#breadcrumb","itemListElement":[{"@type":"ListItem","position":1,"name":"Accueil","item":"https:\/\/www.horenso.fr\/"},{"@type":"ListItem","position":2,"name":"Conseil","item":"https:\/\/www.horenso.fr\/index.php\/conseil-excellence-operationnelle-lean\/"},{"@type":"ListItem","position":3,"name":"Retours Exp\u00e9rience Excellence Op\u00e9rationnelle","item":"https:\/\/www.horenso.fr\/index.php\/conseil-excellence-operationnelle-lean\/retours-experience-excellence-operationnelle\/"},{"@type":"ListItem","position":4,"name":"Retex type"}]},{"@type":"WebSite","@id":"https:\/\/www.horenso.fr\/#website","url":"https:\/\/www.horenso.fr\/","name":"H\u014drens\u014d","description":"Performance Op\u00e9rationnelle &amp; Productivit\u00e9 Financi\u00e8re","publisher":{"@id":"https:\/\/www.horenso.fr\/#organization"},"potentialAction":[{"@type":"SearchAction","target":{"@type":"EntryPoint","urlTemplate":"https:\/\/www.horenso.fr\/?s={search_term_string}"},"query-input":"required name=search_term_string"}],"inLanguage":"fr-FR"},{"@type":"Organization","@id":"https:\/\/www.horenso.fr\/#organization","name":"Horenso","url":"https:\/\/www.horenso.fr\/","logo":{"@type":"ImageObject","inLanguage":"fr-FR","@id":"https:\/\/www.horenso.fr\/#\/schema\/logo\/image\/","url":"https:\/\/www.horenso.fr\/wp-content\/uploads\/2020\/08\/Logo-Horenso-H.png","contentUrl":"https:\/\/www.horenso.fr\/wp-content\/uploads\/2020\/08\/Logo-Horenso-H.png","width":2560,"height":458,"caption":"Horenso"},"image":{"@id":"https:\/\/www.horenso.fr\/#\/schema\/logo\/image\/"},"sameAs":["https:\/\/www.facebook.com\/H\u014drens\u014d-105716934757860","https:\/\/www.linkedin.com\/company\/horenso\/","https:\/\/www.youtube.com\/channel\/UC0PjdWUgLLpi9mcYLwRqNQQ"]}]}},"_links":{"self":[{"href":"https:\/\/www.horenso.fr\/index.php\/wp-json\/wp\/v2\/pages\/5705"}],"collection":[{"href":"https:\/\/www.horenso.fr\/index.php\/wp-json\/wp\/v2\/pages"}],"about":[{"href":"https:\/\/www.horenso.fr\/index.php\/wp-json\/wp\/v2\/types\/page"}],"author":[{"embeddable":true,"href":"https:\/\/www.horenso.fr\/index.php\/wp-json\/wp\/v2\/users\/1"}],"replies":[{"embeddable":true,"href":"https:\/\/www.horenso.fr\/index.php\/wp-json\/wp\/v2\/comments?post=5705"}],"version-history":[{"count":8,"href":"https:\/\/www.horenso.fr\/index.php\/wp-json\/wp\/v2\/pages\/5705\/revisions"}],"predecessor-version":[{"id":7623,"href":"https:\/\/www.horenso.fr\/index.php\/wp-json\/wp\/v2\/pages\/5705\/revisions\/7623"}],"up":[{"embeddable":true,"href":"https:\/\/www.horenso.fr\/index.php\/wp-json\/wp\/v2\/pages\/4599"}],"wp:attachment":[{"href":"https:\/\/www.horenso.fr\/index.php\/wp-json\/wp\/v2\/media?parent=5705"}],"curies":[{"name":"wp","href":"https:\/\/api.w.org\/{rel}","templated":true}]}}