{"id":4605,"date":"2021-01-26T21:24:38","date_gmt":"2021-01-26T19:24:38","guid":{"rendered":"https:\/\/www.horenso.fr\/?page_id=4605"},"modified":"2022-12-15T23:49:30","modified_gmt":"2022-12-15T21:49:30","slug":"financement-formation-engagements-pedagogiques","status":"publish","type":"page","link":"https:\/\/www.horenso.fr\/index.php\/formation-excellence-operationnelle-lean\/financement-formation-engagements-pedagogiques\/","title":{"rendered":"Financement Formation Engagements P\u00e9dagogiques"},"content":{"rendered":"\t\t<div data-elementor-type=\"wp-page\" data-elementor-id=\"4605\" class=\"elementor elementor-4605\">\n\t\t\t\t\t\t<section class=\"elementor-section elementor-top-section elementor-element elementor-element-6d79df0 elementor-section-boxed elementor-section-height-default elementor-section-height-default\" data-id=\"6d79df0\" data-element_type=\"section\">\n\t\t\t\t\t\t<div class=\"elementor-container elementor-column-gap-default\">\n\t\t\t\t\t<div class=\"elementor-column elementor-col-100 elementor-top-column elementor-element elementor-element-ff711c4\" data-id=\"ff711c4\" data-element_type=\"column\">\n\t\t\t<div class=\"elementor-widget-wrap elementor-element-populated\">\n\t\t\t\t\t\t<div class=\"elementor-element elementor-element-6d8d5de elementor-widget elementor-widget-shortcode\" data-id=\"6d8d5de\" data-element_type=\"widget\" data-widget_type=\"shortcode.default\">\n\t\t\t\t<div class=\"elementor-widget-container\">\n\t\t\t\t\t<div class=\"elementor-shortcode\"><span><span><a href=\"https:\/\/www.horenso.fr\/\">Accueil<\/a><\/span><\/span><\/div>\n\t\t\t\t<\/div>\n\t\t\t\t<\/div>\n\t\t\t\t<div class=\"elementor-element elementor-element-7182e4f elementor-widget elementor-widget-heading\" data-id=\"7182e4f\" data-element_type=\"widget\" data-widget_type=\"heading.default\">\n\t\t\t\t<div class=\"elementor-widget-container\">\n\t\t\t<h2 class=\"elementor-heading-title elementor-size-default\">Financements &amp; Engagements P\u00e9dagogiques<\/h2>\t\t<\/div>\n\t\t\t\t<\/div>\n\t\t\t\t<div class=\"elementor-element elementor-element-0f41e78 elementor-widget elementor-widget-image\" data-id=\"0f41e78\" data-element_type=\"widget\" data-widget_type=\"image.default\">\n\t\t\t\t<div class=\"elementor-widget-container\">\n\t\t\t\t\t\t\t\t\t\t\t\t\t<img fetchpriority=\"high\" decoding=\"async\" width=\"452\" height=\"390\" src=\"https:\/\/www.horenso.fr\/wp-content\/uploads\/2021\/02\/PAGE-EN-CONSTRUCTION.jpg\" class=\"attachment-large size-large wp-image-6284\" alt=\"\" srcset=\"https:\/\/www.horenso.fr\/wp-content\/uploads\/2021\/02\/PAGE-EN-CONSTRUCTION.jpg 452w, https:\/\/www.horenso.fr\/wp-content\/uploads\/2021\/02\/PAGE-EN-CONSTRUCTION-300x259.jpg 300w\" sizes=\"(max-width: 452px) 100vw, 452px\" \/>\t\t\t\t\t\t\t\t\t\t\t\t\t<\/div>\n\t\t\t\t<\/div>\n\t\t\t\t<div class=\"elementor-element elementor-element-2bef2a9 elementor-widget elementor-widget-text-editor\" data-id=\"2bef2a9\" data-element_type=\"widget\" data-widget_type=\"text-editor.default\">\n\t\t\t\t<div class=\"elementor-widget-container\">\n\t\t\t\t\t\t\t<p>Revenez bient\u00f4t ou <a href=\"https:\/\/www.horenso.fr\/index.php\/contact-excellence-operationnelle-bordeaux\/\" target=\"_blank\" rel=\"noopener\"><u>contactez nous<\/u><\/a> !<\/p>\t\t\t\t\t\t<\/div>\n\t\t\t\t<\/div>\n\t\t\t\t\t<\/div>\n\t\t<\/div>\n\t\t\t\t\t<\/div>\n\t\t<\/section>\n\t\t\t\t<section class=\"elementor-section elementor-top-section elementor-element elementor-element-f4c2c6e elementor-section-stretched elementor-section-boxed elementor-section-height-default elementor-section-height-default\" data-id=\"f4c2c6e\" data-element_type=\"section\" data-settings=\"{&quot;background_background&quot;:&quot;classic&quot;,&quot;stretch_section&quot;:&quot;section-stretched&quot;}\">\n\t\t\t\t\t\t<div class=\"elementor-container elementor-column-gap-default\">\n\t\t\t\t\t<div class=\"elementor-column elementor-col-33 elementor-top-column elementor-element elementor-element-fd62f6d\" data-id=\"fd62f6d\" data-element_type=\"column\">\n\t\t\t<div class=\"elementor-widget-wrap elementor-element-populated\">\n\t\t\t\t\t\t<div class=\"elementor-element elementor-element-68cf92c elementor-widget elementor-widget-text-editor\" data-id=\"68cf92c\" data-element_type=\"widget\" data-widget_type=\"text-editor.default\">\n\t\t\t\t<div class=\"elementor-widget-container\">\n\t\t\t\t\t\t\t<p>56 rue de Landegrand<\/p><p>33290 PAREMPUYRE<\/p>\t\t\t\t\t\t<\/div>\n\t\t\t\t<\/div>\n\t\t\t\t\t<\/div>\n\t\t<\/div>\n\t\t\t\t<div class=\"elementor-column elementor-col-33 elementor-top-column elementor-element elementor-element-700d87c\" data-id=\"700d87c\" data-element_type=\"column\">\n\t\t\t<div class=\"elementor-widget-wrap elementor-element-populated\">\n\t\t\t\t\t\t<div class=\"elementor-element elementor-element-c9ff3ba elementor-widget elementor-widget-text-editor\" data-id=\"c9ff3ba\" data-element_type=\"widget\" data-widget_type=\"text-editor.default\">\n\t\t\t\t<div class=\"elementor-widget-container\">\n\t\t\t\t\t\t\t<p><span style=\"color: #ffffff;\"><a style=\"color: #ffffff;\" href=\"tel:+33626046326\">06 26 04 63 26<\/a><\/span><\/p>\n<p><span style=\"color: #ffffff;\"><a style=\"color: #ffffff;\" href=\"mailto:contact@horenso.fr\">contact@horenso.fr<\/a><\/span><\/p>\t\t\t\t\t\t<\/div>\n\t\t\t\t<\/div>\n\t\t\t\t\t<\/div>\n\t\t<\/div>\n\t\t\t\t<div class=\"elementor-column elementor-col-33 elementor-top-column elementor-element elementor-element-f73a649\" data-id=\"f73a649\" data-element_type=\"column\">\n\t\t\t<div class=\"elementor-widget-wrap elementor-element-populated\">\n\t\t\t\t\t\t<div class=\"elementor-element elementor-element-2345323 elementor-shape-rounded elementor-grid-0 e-grid-align-center elementor-widget elementor-widget-social-icons\" data-id=\"2345323\" data-element_type=\"widget\" data-widget_type=\"social-icons.default\">\n\t\t\t\t<div class=\"elementor-widget-container\">\n\t\t\t\t\t<div class=\"elementor-social-icons-wrapper elementor-grid\">\n\t\t\t\t\t\t\t<span class=\"elementor-grid-item\">\n\t\t\t\t\t<a class=\"elementor-icon elementor-social-icon elementor-social-icon-linkedin elementor-repeater-item-af004e7\" href=\"https:\/\/www.linkedin.com\/company\/horenso\/\" target=\"_blank\">\n\t\t\t\t\t\t<span class=\"elementor-screen-only\">Linkedin<\/span>\n\t\t\t\t\t\t<i class=\"fab fa-linkedin\"><\/i>\t\t\t\t\t<\/a>\n\t\t\t\t<\/span>\n\t\t\t\t\t<\/div>\n\t\t\t\t<\/div>\n\t\t\t\t<\/div>\n\t\t\t\t\t<\/div>\n\t\t<\/div>\n\t\t\t\t\t<\/div>\n\t\t<\/section>\n\t\t\t\t<\/div>\n\t\t","protected":false},"excerpt":{"rendered":"<p>Financements &amp; Engagements P\u00e9dagogiques Revenez bient\u00f4t ou contactez nous ! 56 rue de Landegrand 33290 PAREMPUYRE 06 26 04 63 26 contact@horenso.fr Linkedin<\/p>\n","protected":false},"author":1,"featured_media":0,"parent":426,"menu_order":1,"comment_status":"closed","ping_status":"closed","template":"","meta":[],"yoast_head":"<!-- This site is optimized with the Yoast SEO plugin v21.1 - https:\/\/yoast.com\/wordpress\/plugins\/seo\/ -->\n<title>Financement Formation Engagements P\u00e9dagogiques - H\u014drens\u014d<\/title>\n<meta name=\"robots\" content=\"index, follow, max-snippet:-1, max-image-preview:large, max-video-preview:-1\" \/>\n<link rel=\"canonical\" href=\"https:\/\/www.horenso.fr\/index.php\/formation-excellence-operationnelle-lean\/financement-formation-engagements-pedagogiques\/\" \/>\n<meta property=\"og:locale\" content=\"fr_FR\" \/>\n<meta property=\"og:type\" content=\"article\" \/>\n<meta property=\"og:title\" content=\"Financement Formation Engagements P\u00e9dagogiques - H\u014drens\u014d\" \/>\n<meta property=\"og:description\" content=\"Financements &amp; Engagements P\u00e9dagogiques Revenez bient\u00f4t ou contactez nous ! 56 rue de Landegrand 33290 PAREMPUYRE 06 26 04 63 26 contact@horenso.fr Linkedin\" \/>\n<meta property=\"og:url\" content=\"https:\/\/www.horenso.fr\/index.php\/formation-excellence-operationnelle-lean\/financement-formation-engagements-pedagogiques\/\" \/>\n<meta property=\"og:site_name\" content=\"H\u014drens\u014d\" \/>\n<meta property=\"article:publisher\" content=\"https:\/\/www.facebook.com\/H%c5%8drens%c5%8d-105716934757860\" \/>\n<meta property=\"article:modified_time\" content=\"2022-12-15T21:49:30+00:00\" \/>\n<meta property=\"og:image\" content=\"https:\/\/www.horenso.fr\/wp-content\/uploads\/2021\/02\/PAGE-EN-CONSTRUCTION.jpg\" \/>\n<meta name=\"twitter:card\" content=\"summary_large_image\" \/>\n<meta name=\"twitter:label1\" content=\"Dur\u00e9e de lecture estim\u00e9e\" \/>\n\t<meta name=\"twitter:data1\" content=\"1 minute\" \/>\n<script type=\"application\/ld+json\" class=\"yoast-schema-graph\">{\"@context\":\"https:\/\/schema.org\",\"@graph\":[{\"@type\":\"WebPage\",\"@id\":\"https:\/\/www.horenso.fr\/index.php\/formation-excellence-operationnelle-lean\/financement-formation-engagements-pedagogiques\/\",\"url\":\"https:\/\/www.horenso.fr\/index.php\/formation-excellence-operationnelle-lean\/financement-formation-engagements-pedagogiques\/\",\"name\":\"Financement Formation Engagements P\u00e9dagogiques - H\u014drens\u014d\",\"isPartOf\":{\"@id\":\"https:\/\/www.horenso.fr\/#website\"},\"datePublished\":\"2021-01-26T19:24:38+00:00\",\"dateModified\":\"2022-12-15T21:49:30+00:00\",\"breadcrumb\":{\"@id\":\"https:\/\/www.horenso.fr\/index.php\/formation-excellence-operationnelle-lean\/financement-formation-engagements-pedagogiques\/#breadcrumb\"},\"inLanguage\":\"fr-FR\",\"potentialAction\":[{\"@type\":\"ReadAction\",\"target\":[\"https:\/\/www.horenso.fr\/index.php\/formation-excellence-operationnelle-lean\/financement-formation-engagements-pedagogiques\/\"]}]},{\"@type\":\"BreadcrumbList\",\"@id\":\"https:\/\/www.horenso.fr\/index.php\/formation-excellence-operationnelle-lean\/financement-formation-engagements-pedagogiques\/#breadcrumb\",\"itemListElement\":[{\"@type\":\"ListItem\",\"position\":1,\"name\":\"Accueil\",\"item\":\"https:\/\/www.horenso.fr\/\"},{\"@type\":\"ListItem\",\"position\":2,\"name\":\"Formation\",\"item\":\"https:\/\/www.horenso.fr\/index.php\/formation-excellence-operationnelle-lean\/\"},{\"@type\":\"ListItem\",\"position\":3,\"name\":\"Financement Formation Engagements P\u00e9dagogiques\"}]},{\"@type\":\"WebSite\",\"@id\":\"https:\/\/www.horenso.fr\/#website\",\"url\":\"https:\/\/www.horenso.fr\/\",\"name\":\"H\u014drens\u014d\",\"description\":\"Performance Op\u00e9rationnelle &amp; Productivit\u00e9 Financi\u00e8re\",\"publisher\":{\"@id\":\"https:\/\/www.horenso.fr\/#organization\"},\"potentialAction\":[{\"@type\":\"SearchAction\",\"target\":{\"@type\":\"EntryPoint\",\"urlTemplate\":\"https:\/\/www.horenso.fr\/?s={search_term_string}\"},\"query-input\":\"required name=search_term_string\"}],\"inLanguage\":\"fr-FR\"},{\"@type\":\"Organization\",\"@id\":\"https:\/\/www.horenso.fr\/#organization\",\"name\":\"Horenso\",\"url\":\"https:\/\/www.horenso.fr\/\",\"logo\":{\"@type\":\"ImageObject\",\"inLanguage\":\"fr-FR\",\"@id\":\"https:\/\/www.horenso.fr\/#\/schema\/logo\/image\/\",\"url\":\"https:\/\/www.horenso.fr\/wp-content\/uploads\/2020\/08\/Logo-Horenso-H.png\",\"contentUrl\":\"https:\/\/www.horenso.fr\/wp-content\/uploads\/2020\/08\/Logo-Horenso-H.png\",\"width\":2560,\"height\":458,\"caption\":\"Horenso\"},\"image\":{\"@id\":\"https:\/\/www.horenso.fr\/#\/schema\/logo\/image\/\"},\"sameAs\":[\"https:\/\/www.facebook.com\/H\u014drens\u014d-105716934757860\",\"https:\/\/www.linkedin.com\/company\/horenso\/\",\"https:\/\/www.youtube.com\/channel\/UC0PjdWUgLLpi9mcYLwRqNQQ\"]}]}<\/script>\n<!-- \/ Yoast SEO plugin. -->","yoast_head_json":{"title":"Financement Formation Engagements P\u00e9dagogiques - H\u014drens\u014d","robots":{"index":"index","follow":"follow","max-snippet":"max-snippet:-1","max-image-preview":"max-image-preview:large","max-video-preview":"max-video-preview:-1"},"canonical":"https:\/\/www.horenso.fr\/index.php\/formation-excellence-operationnelle-lean\/financement-formation-engagements-pedagogiques\/","og_locale":"fr_FR","og_type":"article","og_title":"Financement Formation Engagements P\u00e9dagogiques - H\u014drens\u014d","og_description":"Financements &amp; Engagements P\u00e9dagogiques Revenez bient\u00f4t ou contactez nous ! 56 rue de Landegrand 33290 PAREMPUYRE 06 26 04 63 26 contact@horenso.fr Linkedin","og_url":"https:\/\/www.horenso.fr\/index.php\/formation-excellence-operationnelle-lean\/financement-formation-engagements-pedagogiques\/","og_site_name":"H\u014drens\u014d","article_publisher":"https:\/\/www.facebook.com\/H%c5%8drens%c5%8d-105716934757860","article_modified_time":"2022-12-15T21:49:30+00:00","og_image":[{"url":"https:\/\/www.horenso.fr\/wp-content\/uploads\/2021\/02\/PAGE-EN-CONSTRUCTION.jpg"}],"twitter_card":"summary_large_image","twitter_misc":{"Dur\u00e9e de lecture estim\u00e9e":"1 minute"},"schema":{"@context":"https:\/\/schema.org","@graph":[{"@type":"WebPage","@id":"https:\/\/www.horenso.fr\/index.php\/formation-excellence-operationnelle-lean\/financement-formation-engagements-pedagogiques\/","url":"https:\/\/www.horenso.fr\/index.php\/formation-excellence-operationnelle-lean\/financement-formation-engagements-pedagogiques\/","name":"Financement Formation Engagements P\u00e9dagogiques - H\u014drens\u014d","isPartOf":{"@id":"https:\/\/www.horenso.fr\/#website"},"datePublished":"2021-01-26T19:24:38+00:00","dateModified":"2022-12-15T21:49:30+00:00","breadcrumb":{"@id":"https:\/\/www.horenso.fr\/index.php\/formation-excellence-operationnelle-lean\/financement-formation-engagements-pedagogiques\/#breadcrumb"},"inLanguage":"fr-FR","potentialAction":[{"@type":"ReadAction","target":["https:\/\/www.horenso.fr\/index.php\/formation-excellence-operationnelle-lean\/financement-formation-engagements-pedagogiques\/"]}]},{"@type":"BreadcrumbList","@id":"https:\/\/www.horenso.fr\/index.php\/formation-excellence-operationnelle-lean\/financement-formation-engagements-pedagogiques\/#breadcrumb","itemListElement":[{"@type":"ListItem","position":1,"name":"Accueil","item":"https:\/\/www.horenso.fr\/"},{"@type":"ListItem","position":2,"name":"Formation","item":"https:\/\/www.horenso.fr\/index.php\/formation-excellence-operationnelle-lean\/"},{"@type":"ListItem","position":3,"name":"Financement Formation Engagements P\u00e9dagogiques"}]},{"@type":"WebSite","@id":"https:\/\/www.horenso.fr\/#website","url":"https:\/\/www.horenso.fr\/","name":"H\u014drens\u014d","description":"Performance Op\u00e9rationnelle &amp; Productivit\u00e9 Financi\u00e8re","publisher":{"@id":"https:\/\/www.horenso.fr\/#organization"},"potentialAction":[{"@type":"SearchAction","target":{"@type":"EntryPoint","urlTemplate":"https:\/\/www.horenso.fr\/?s={search_term_string}"},"query-input":"required name=search_term_string"}],"inLanguage":"fr-FR"},{"@type":"Organization","@id":"https:\/\/www.horenso.fr\/#organization","name":"Horenso","url":"https:\/\/www.horenso.fr\/","logo":{"@type":"ImageObject","inLanguage":"fr-FR","@id":"https:\/\/www.horenso.fr\/#\/schema\/logo\/image\/","url":"https:\/\/www.horenso.fr\/wp-content\/uploads\/2020\/08\/Logo-Horenso-H.png","contentUrl":"https:\/\/www.horenso.fr\/wp-content\/uploads\/2020\/08\/Logo-Horenso-H.png","width":2560,"height":458,"caption":"Horenso"},"image":{"@id":"https:\/\/www.horenso.fr\/#\/schema\/logo\/image\/"},"sameAs":["https:\/\/www.facebook.com\/H\u014drens\u014d-105716934757860","https:\/\/www.linkedin.com\/company\/horenso\/","https:\/\/www.youtube.com\/channel\/UC0PjdWUgLLpi9mcYLwRqNQQ"]}]}},"_links":{"self":[{"href":"https:\/\/www.horenso.fr\/index.php\/wp-json\/wp\/v2\/pages\/4605"}],"collection":[{"href":"https:\/\/www.horenso.fr\/index.php\/wp-json\/wp\/v2\/pages"}],"about":[{"href":"https:\/\/www.horenso.fr\/index.php\/wp-json\/wp\/v2\/types\/page"}],"author":[{"embeddable":true,"href":"https:\/\/www.horenso.fr\/index.php\/wp-json\/wp\/v2\/users\/1"}],"replies":[{"embeddable":true,"href":"https:\/\/www.horenso.fr\/index.php\/wp-json\/wp\/v2\/comments?post=4605"}],"version-history":[{"count":23,"href":"https:\/\/www.horenso.fr\/index.php\/wp-json\/wp\/v2\/pages\/4605\/revisions"}],"predecessor-version":[{"id":7629,"href":"https:\/\/www.horenso.fr\/index.php\/wp-json\/wp\/v2\/pages\/4605\/revisions\/7629"}],"up":[{"embeddable":true,"href":"https:\/\/www.horenso.fr\/index.php\/wp-json\/wp\/v2\/pages\/426"}],"wp:attachment":[{"href":"https:\/\/www.horenso.fr\/index.php\/wp-json\/wp\/v2\/media?parent=4605"}],"curies":[{"name":"wp","href":"https:\/\/api.w.org\/{rel}","templated":true}]}}